{"id":91,"date":"2025-12-05T02:09:12","date_gmt":"2025-12-05T02:09:12","guid":{"rendered":"https:\/\/markstay-warren.ca\/?page_id=91"},"modified":"2026-04-20T00:41:19","modified_gmt":"2026-04-20T00:41:19","slug":"explore-markstay-warren","status":"publish","type":"page","link":"https:\/\/markstay-warren.ca\/fr\/news-and-events\/explore-markstay-warren\/","title":{"rendered":"D\u00e9couvrez Markstay-Warren"},"content":{"rendered":"\n<p>D\u00e9couvrez tout ce que Markstay-Warren a \u00e0 offrir! Des installations r\u00e9cr\u00e9atives aux espaces ext\u00e9rieurs en passant par les lieux communautaires, notre municipalit\u00e9 regorge d\u2019endroits pour se rassembler, bouger et explorer.<\/p>\n\n\n\n<p>Entour\u00e9e de magnifiques for\u00eats et de vastes terres de la Couronne, Markstay-Warren offre une multitude d\u2019occasions de profiter du plein air en toute saison \u2014 que ce soit pour la randonn\u00e9e, la motoneige ou simplement pour admirer la beaut\u00e9 naturelle de la r\u00e9gion.<\/p>\n\n\n\n<p>Que vous soyez r\u00e9sident ou visiteur, il y en a pour tous les go\u00fbts, \u00e0 longueur d\u2019ann\u00e9e.<\/p>\n\n\n\n<h3 class=\"wp-block-heading\"><strong>Installations r\u00e9cr\u00e9atives et communautaires<\/strong><\/h3>\n\n\n\n<ul class=\"wp-block-list\">\n<li>Centre communautaire et ar\u00e9na de Warren<\/li>\n\n\n\n<li>Patinoire ext\u00e9rieure Caisse Populaire (Markstay)<\/li>\n\n\n\n<li>Champ de foire de Warren<\/li>\n<\/ul>\n\n\n\n<h3 class=\"wp-block-heading\"><strong>Parcs et terrains de jeux<\/strong><\/h3>\n\n\n\n<ul class=\"wp-block-list\">\n<li>Terrain de jeux de Markstay<\/li>\n\n\n\n<li>Terrain de jeux de Hagar<\/li>\n\n\n\n<li>Terrain de jeux de Warren<\/li>\n\n\n\n<li>Jeux d\u2019eau de Markstay<\/li>\n<\/ul>\n\n\n\n<h3 class=\"wp-block-heading\"><strong>Biblioth\u00e8ques<\/strong><\/h3>\n\n\n\n<ul class=\"wp-block-list\">\n<li>Biblioth\u00e8que de Markstay<\/li>\n\n\n\n<li>Biblioth\u00e8que de Warren<\/li>\n<\/ul>\n\n\n\n<h3 class=\"wp-block-heading\"><strong>Activit\u00e9s ext\u00e9rieures<\/strong><\/h3>\n\n\n\n<ul class=\"wp-block-list\">\n<li>Sentiers de motoneige<\/li>\n<\/ul>\n","protected":false},"excerpt":{"rendered":"<p>D\u00e9couvrez tout ce que Markstay-Warren a \u00e0 offrir! Des installations r\u00e9cr\u00e9atives aux espaces ext\u00e9rieurs en passant par les lieux communautaires, notre municipalit\u00e9 regorge d\u2019endroits pour se rassembler, bouger et explorer.&hellip;<\/p>\n","protected":false},"author":1,"featured_media":0,"parent":44,"menu_order":0,"comment_status":"closed","ping_status":"closed","template":"","meta":{"footnotes":""},"categories":[],"class_list":["post-91","page","type-page","status-publish","hentry"],"translation":{"provider":"WPGlobus","version":"3.0.2","language":"fr","enabled_languages":["en","fr"],"languages":{"en":{"title":true,"content":true,"excerpt":false},"fr":{"title":true,"content":true,"excerpt":false}}},"_links":{"self":[{"href":"https:\/\/markstay-warren.ca\/fr\/wp-json\/wp\/v2\/pages\/91","targetHints":{"allow":["GET"]}}],"collection":[{"href":"https:\/\/markstay-warren.ca\/fr\/wp-json\/wp\/v2\/pages"}],"about":[{"href":"https:\/\/markstay-warren.ca\/fr\/wp-json\/wp\/v2\/types\/page"}],"author":[{"embeddable":true,"href":"https:\/\/markstay-warren.ca\/fr\/wp-json\/wp\/v2\/users\/1"}],"replies":[{"embeddable":true,"href":"https:\/\/markstay-warren.ca\/fr\/wp-json\/wp\/v2\/comments?post=91"}],"version-history":[{"count":5,"href":"https:\/\/markstay-warren.ca\/fr\/wp-json\/wp\/v2\/pages\/91\/revisions"}],"predecessor-version":[{"id":729,"href":"https:\/\/markstay-warren.ca\/fr\/wp-json\/wp\/v2\/pages\/91\/revisions\/729"}],"up":[{"embeddable":true,"href":"https:\/\/markstay-warren.ca\/fr\/wp-json\/wp\/v2\/pages\/44"}],"wp:attachment":[{"href":"https:\/\/markstay-warren.ca\/fr\/wp-json\/wp\/v2\/media?parent=91"}],"wp:term":[{"taxonomy":"category","embeddable":true,"href":"https:\/\/markstay-warren.ca\/fr\/wp-json\/wp\/v2\/categories?post=91"}],"curies":[{"name":"wp","href":"https:\/\/api.w.org\/{rel}","templated":true}]}}