{"id":89,"date":"2025-12-05T02:06:44","date_gmt":"2025-12-05T02:06:44","guid":{"rendered":"https:\/\/markstay-warren.ca\/?page_id=89"},"modified":"2026-04-16T00:03:02","modified_gmt":"2026-04-16T00:03:02","slug":"service-request","status":"publish","type":"page","link":"https:\/\/markstay-warren.ca\/fr\/municipal-services\/service-request\/","title":{"rendered":"Demande de service"},"content":{"rendered":"\n<p>La Municipalit\u00e9 de Markstay\u2011Warren accorde une grande importance \u00e0 vos commentaires. Pour soumettre une demande de service, signaler un probl\u00e8me ou transmettre une question, veuillez remplir le formulaire de demande de service en utilisant le bouton ci\u2011dessous. Les soumissions sont examin\u00e9es durant les heures normales de bureau, et nous communiquerons avec vous si des renseignements suppl\u00e9mentaires sont n\u00e9cessaires.<\/p>\n\n\n\n<div class=\"wp-block-buttons is-content-justification-center is-layout-flex wp-container-core-buttons-is-layout-16018d1d wp-block-buttons-is-layout-flex\">\n<div class=\"wp-block-button\"><a class=\"wp-block-button__link wp-element-button\">Demande de service<\/a><\/div>\n<\/div>\n\n\n\n<p><\/p>\n","protected":false},"excerpt":{"rendered":"<p>La Municipalit\u00e9 de Markstay\u2011Warren accorde une grande importance \u00e0 vos commentaires. Pour soumettre une demande de service, signaler un probl\u00e8me ou transmettre une question, veuillez remplir le formulaire de demande&hellip;<\/p>\n","protected":false},"author":1,"featured_media":0,"parent":40,"menu_order":0,"comment_status":"closed","ping_status":"closed","template":"","meta":{"footnotes":""},"categories":[],"class_list":["post-89","page","type-page","status-publish","hentry"],"translation":{"provider":"WPGlobus","version":"3.0.2","language":"fr","enabled_languages":["en","fr"],"languages":{"en":{"title":true,"content":true,"excerpt":false},"fr":{"title":true,"content":true,"excerpt":false}}},"_links":{"self":[{"href":"https:\/\/markstay-warren.ca\/fr\/wp-json\/wp\/v2\/pages\/89","targetHints":{"allow":["GET"]}}],"collection":[{"href":"https:\/\/markstay-warren.ca\/fr\/wp-json\/wp\/v2\/pages"}],"about":[{"href":"https:\/\/markstay-warren.ca\/fr\/wp-json\/wp\/v2\/types\/page"}],"author":[{"embeddable":true,"href":"https:\/\/markstay-warren.ca\/fr\/wp-json\/wp\/v2\/users\/1"}],"replies":[{"embeddable":true,"href":"https:\/\/markstay-warren.ca\/fr\/wp-json\/wp\/v2\/comments?post=89"}],"version-history":[{"count":11,"href":"https:\/\/markstay-warren.ca\/fr\/wp-json\/wp\/v2\/pages\/89\/revisions"}],"predecessor-version":[{"id":530,"href":"https:\/\/markstay-warren.ca\/fr\/wp-json\/wp\/v2\/pages\/89\/revisions\/530"}],"up":[{"embeddable":true,"href":"https:\/\/markstay-warren.ca\/fr\/wp-json\/wp\/v2\/pages\/40"}],"wp:attachment":[{"href":"https:\/\/markstay-warren.ca\/fr\/wp-json\/wp\/v2\/media?parent=89"}],"wp:term":[{"taxonomy":"category","embeddable":true,"href":"https:\/\/markstay-warren.ca\/fr\/wp-json\/wp\/v2\/categories?post=89"}],"curies":[{"name":"wp","href":"https:\/\/api.w.org\/{rel}","templated":true}]}}