{"id":78,"date":"2025-12-05T02:01:45","date_gmt":"2025-12-05T02:01:45","guid":{"rendered":"https:\/\/markstay-warren.ca\/?page_id=78"},"modified":"2026-05-05T21:53:01","modified_gmt":"2026-05-05T21:53:01","slug":"places-of-worship","status":"publish","type":"page","link":"https:\/\/markstay-warren.ca\/fr\/news-and-events\/places-of-worship\/","title":{"rendered":"Centres religieux"},"content":{"rendered":"\n<p><strong>Kingdom Hall of Jehovah Witness<\/strong><\/p>\n\n\n\n<p>49 rue Sutcliffe<br>Warren, ON P0H 2N0<br>T\u00e9l\u00e9phone: 705-967-1771<\/p>\n\n\n\n<hr class=\"wp-block-separator has-alpha-channel-opacity\"\/>\n\n\n\n<p><strong>Kipling Baptist Church<\/strong><\/p>\n\n\n\n<p>201 rue Kipling ouest<br>Markstay, ON P0M 2G0<br>T\u00e9l\u00e9phone: 705-594-2610<\/p>\n\n\n\n<hr class=\"wp-block-separator has-alpha-channel-opacity\"\/>\n\n\n\n<p><strong>Markstay Pentecostal Church<\/strong><\/p>\n\n\n\n<p>12 rue Millichamp<br>Markstay, ON P0M 2G0<br>T\u00e9l\u00e9phone: 705-479-1052<\/p>\n\n\n\n<hr class=\"wp-block-separator has-alpha-channel-opacity\"\/>\n\n\n\n<p><strong>Markstay Union Church<\/strong><\/p>\n\n\n\n<p>23 rue Main<br>Markstay, ON P0M 2G0<br>T\u00e9l\u00e9phone: 705-561-5235<\/p>\n\n\n\n<hr class=\"wp-block-separator has-alpha-channel-opacity\"\/>\n\n\n\n<p><strong>Paroisse St-Thomas<\/strong><\/p>\n\n\n\n<p>19 avenue Rutland<br>Warren, ON P0H 2N0<br>T\u00e9l\u00e9phone: 705-967-2773<\/p>\n\n\n\n<hr class=\"wp-block-separator has-alpha-channel-opacity\"\/>\n\n\n\n<p><strong>Paroisse St-Marc<\/strong><\/p>\n\n\n\n<p>15 rue Church<br>Markstay, ON P0M 2G0<br>T\u00e9l\u00e9phone: 705-853-4553<\/p>\n\n\n\n<hr class=\"wp-block-separator has-alpha-channel-opacity\"\/>\n\n\n\n<p><strong>Pine Haven Amish Mennonite Church<\/strong><\/p>\n\n\n\n<p>41 rue Mackannas<br>Warren, ON P0H 2N0<br>T\u00e9l\u00e9phone: 705-967-2758<\/p>\n\n\n\n<hr class=\"wp-block-separator has-alpha-channel-opacity\"\/>\n\n\n\n<p><strong>Warren Hugel United Church<\/strong><\/p>\n\n\n\n<p>65 avenue Rutland<br>Warren, ON P0H 2N0<br>T\u00e9l\u00e9phone: 705-967-5201<\/p>\n","protected":false},"excerpt":{"rendered":"<p>Kingdom Hall of Jehovah Witness 49 rue SutcliffeWarren, ON P0H 2N0T\u00e9l\u00e9phone: 705-967-1771 Kipling Baptist Church 201 rue Kipling ouestMarkstay, ON P0M 2G0T\u00e9l\u00e9phone: 705-594-2610 Markstay Pentecostal Church 12 rue MillichampMarkstay, ON&hellip;<\/p>\n","protected":false},"author":1,"featured_media":0,"parent":44,"menu_order":0,"comment_status":"closed","ping_status":"closed","template":"","meta":{"footnotes":""},"categories":[],"class_list":["post-78","page","type-page","status-publish","hentry"],"translation":{"provider":"WPGlobus","version":"3.0.2","language":"fr","enabled_languages":["en","fr"],"languages":{"en":{"title":true,"content":true,"excerpt":false},"fr":{"title":true,"content":true,"excerpt":false}}},"_links":{"self":[{"href":"https:\/\/markstay-warren.ca\/fr\/wp-json\/wp\/v2\/pages\/78","targetHints":{"allow":["GET"]}}],"collection":[{"href":"https:\/\/markstay-warren.ca\/fr\/wp-json\/wp\/v2\/pages"}],"about":[{"href":"https:\/\/markstay-warren.ca\/fr\/wp-json\/wp\/v2\/types\/page"}],"author":[{"embeddable":true,"href":"https:\/\/markstay-warren.ca\/fr\/wp-json\/wp\/v2\/users\/1"}],"replies":[{"embeddable":true,"href":"https:\/\/markstay-warren.ca\/fr\/wp-json\/wp\/v2\/comments?post=78"}],"version-history":[{"count":5,"href":"https:\/\/markstay-warren.ca\/fr\/wp-json\/wp\/v2\/pages\/78\/revisions"}],"predecessor-version":[{"id":900,"href":"https:\/\/markstay-warren.ca\/fr\/wp-json\/wp\/v2\/pages\/78\/revisions\/900"}],"up":[{"embeddable":true,"href":"https:\/\/markstay-warren.ca\/fr\/wp-json\/wp\/v2\/pages\/44"}],"wp:attachment":[{"href":"https:\/\/markstay-warren.ca\/fr\/wp-json\/wp\/v2\/media?parent=78"}],"wp:term":[{"taxonomy":"category","embeddable":true,"href":"https:\/\/markstay-warren.ca\/fr\/wp-json\/wp\/v2\/categories?post=78"}],"curies":[{"name":"wp","href":"https:\/\/api.w.org\/{rel}","templated":true}]}}