{"id":69,"date":"2025-12-05T01:56:30","date_gmt":"2025-12-05T01:56:30","guid":{"rendered":"https:\/\/markstay-warren.ca\/?page_id=69"},"modified":"2026-04-23T20:48:23","modified_gmt":"2026-04-23T20:48:23","slug":"education","status":"publish","type":"page","link":"https:\/\/markstay-warren.ca\/fr\/news-and-events\/education\/","title":{"rendered":"\u00c9ducation"},"content":{"rendered":"\n<p>Markstay\u2011Warren offre d\u2019excellents \u00e9tablissements d\u2019enseignement et se situe \u00e0 proximit\u00e9 d\u2019une universit\u00e9 et de deux coll\u00e8ges, permettant de b\u00e9n\u00e9ficier localement de dipl\u00f4m\u00e9s hautement qualifi\u00e9s.<\/p>\n\n\n\n<h3 class=\"wp-block-heading\"><strong>Conseils scolaires desservant Markstay\u2011Warren<\/strong><\/h3>\n\n\n\n<hr class=\"wp-block-separator has-alpha-channel-opacity\"\/>\n\n\n\n<p><strong>Conseil scolaire de district catholique du Nouvel\u2011Ontario<\/strong> <strong>(Fran\u00e7ais, catholique)<\/strong><br>\u00c9cole St\u2011Thomas<br>14, avenue Warren<br>Warren, ON P0H\u202f2N0<br>705\u2011967\u20112700<br><a href=\"http:\/\/www.nouvelon.ca\" data-type=\"link\" data-id=\"www.nouvelon.ca\">www.nouvelon.ca<\/a><\/p>\n\n\n\n<hr class=\"wp-block-separator has-alpha-channel-opacity\"\/>\n\n\n\n<p><strong>Conseil scolaire de district du Grand Nord de l\u2019Ontario<\/strong> <strong>(Fran\u00e7ais, public)<\/strong><br>\u00c9cole publique Camille\u2011Perron<br>13, rue Church<br>Markstay, ON P0M\u202f2G0<br>705\u2011853\u20110596<br><a href=\"https:\/\/grandnord.ca\/\" data-type=\"link\" data-id=\"https:\/\/grandnord.ca\/\">grandnord.ca<\/a><\/p>\n\n\n\n<hr class=\"wp-block-separator has-alpha-channel-opacity\"\/>\n\n\n\n<p><strong>Rainbow District School Board (Anglais, public)<\/strong><br>Markstay Public School<br>7, rue Pioneer Est<br>Markstay, ON P0M\u202f2G0<br>705\u2011671\u20115946<br><a href=\"https:\/\/www.rainbowschools.ca\/\" data-type=\"link\" data-id=\"https:\/\/www.rainbowschools.ca\/\">www.rainbowschools.ca<\/a><\/p>\n\n\n\n<hr class=\"wp-block-separator has-alpha-channel-opacity\"\/>\n\n\n\n<p><strong>Sudbury Catholic District School Board<\/strong> <strong>(Anglais, catholique)<\/strong><br>St. Mark Catholic School<br>13, rue Church<br>Markstay, ON P3C\u202f5L7<br>705\u2011853\u20114535<br><a href=\"https:\/\/www.sudburycatholicschools.ca\/wp-signup.php?new=www.scdsb.edu.on.ca\" data-type=\"link\" data-id=\"https:\/\/www.sudburycatholicschools.ca\/wp-signup.php?new=www.scdsb.edu.on.ca\">www.scdsb.edu.on.ca<\/a><\/p>\n\n\n\n<hr class=\"wp-block-separator has-alpha-channel-opacity\"\/>\n\n\n\n<h3 class=\"wp-block-heading\">\u00c9tablissements postsecondaires<\/h3>\n\n\n\n<p>Les \u00e9tablissements d\u2019enseignement postsecondaire de la r\u00e9gion comprennent\u202f:<\/p>\n\n\n\n<ul class=\"wp-block-list\">\n<li><a href=\"https:\/\/laurentian.ca\/\" data-type=\"link\" data-id=\"https:\/\/laurentian.ca\/\">Universit\u00e9 Laurentienne<\/a><\/li>\n\n\n\n<li><a href=\"https:\/\/cambriancollege.ca\/\" data-type=\"link\" data-id=\"https:\/\/cambriancollege.ca\/\">Coll\u00e8ge Cambrian<\/a><\/li>\n\n\n\n<li><a href=\"https:\/\/collegeboreal.ca\/\" data-type=\"link\" data-id=\"https:\/\/collegeboreal.ca\/\">Coll\u00e8ge Bor\u00e9al<\/a><\/li>\n<\/ul>\n\n\n\n<p><\/p>\n","protected":false},"excerpt":{"rendered":"<p>Markstay\u2011Warren offre d\u2019excellents \u00e9tablissements d\u2019enseignement et se situe \u00e0 proximit\u00e9 d\u2019une universit\u00e9 et de deux coll\u00e8ges, permettant de b\u00e9n\u00e9ficier localement de dipl\u00f4m\u00e9s hautement qualifi\u00e9s. Conseils scolaires desservant Markstay\u2011Warren Conseil scolaire&hellip;<\/p>\n","protected":false},"author":1,"featured_media":0,"parent":44,"menu_order":0,"comment_status":"closed","ping_status":"closed","template":"","meta":{"footnotes":""},"categories":[],"class_list":["post-69","page","type-page","status-publish","hentry"],"translation":{"provider":"WPGlobus","version":"3.0.2","language":"fr","enabled_languages":["en","fr"],"languages":{"en":{"title":true,"content":true,"excerpt":false},"fr":{"title":true,"content":true,"excerpt":false}}},"_links":{"self":[{"href":"https:\/\/markstay-warren.ca\/fr\/wp-json\/wp\/v2\/pages\/69","targetHints":{"allow":["GET"]}}],"collection":[{"href":"https:\/\/markstay-warren.ca\/fr\/wp-json\/wp\/v2\/pages"}],"about":[{"href":"https:\/\/markstay-warren.ca\/fr\/wp-json\/wp\/v2\/types\/page"}],"author":[{"embeddable":true,"href":"https:\/\/markstay-warren.ca\/fr\/wp-json\/wp\/v2\/users\/1"}],"replies":[{"embeddable":true,"href":"https:\/\/markstay-warren.ca\/fr\/wp-json\/wp\/v2\/comments?post=69"}],"version-history":[{"count":8,"href":"https:\/\/markstay-warren.ca\/fr\/wp-json\/wp\/v2\/pages\/69\/revisions"}],"predecessor-version":[{"id":820,"href":"https:\/\/markstay-warren.ca\/fr\/wp-json\/wp\/v2\/pages\/69\/revisions\/820"}],"up":[{"embeddable":true,"href":"https:\/\/markstay-warren.ca\/fr\/wp-json\/wp\/v2\/pages\/44"}],"wp:attachment":[{"href":"https:\/\/markstay-warren.ca\/fr\/wp-json\/wp\/v2\/media?parent=69"}],"wp:term":[{"taxonomy":"category","embeddable":true,"href":"https:\/\/markstay-warren.ca\/fr\/wp-json\/wp\/v2\/categories?post=69"}],"curies":[{"name":"wp","href":"https:\/\/api.w.org\/{rel}","templated":true}]}}