{"id":44,"date":"2025-12-05T00:09:04","date_gmt":"2025-12-05T00:09:04","guid":{"rendered":"https:\/\/markstay-warren.ca\/?page_id=44"},"modified":"2026-04-23T20:27:21","modified_gmt":"2026-04-23T20:27:21","slug":"news-and-events","status":"publish","type":"page","link":"https:\/\/markstay-warren.ca\/fr\/news-and-events\/","title":{"rendered":"Communaut\u00e9"},"content":{"rendered":"\n<p>La Municipalit\u00e9 de Markstay\u2011Warren est une communaut\u00e9 rurale accueillante du Nord\u2011Est de l\u2019Ontario, reconnue pour son fort sentiment d\u2019appartenance, son h\u00e9ritage bilingue et son environnement naturel. Situ\u00e9e dans le district de Sudbury et avantageusement localis\u00e9e le long de la route\u202f17, Markstay\u2011Warren offre aux r\u00e9sidents et aux visiteurs un juste \u00e9quilibre entre la tranquillit\u00e9 de la vie rurale et l\u2019acc\u00e8s aux services urbains \u00e0 proximit\u00e9.<\/p>\n\n\n\n<p><strong>Notre histoire<\/strong><\/p>\n\n\n\n<p>L\u2019histoire de Markstay\u2011Warren est \u00e9troitement li\u00e9e au d\u00e9veloppement des industries ferroviaire et foresti\u00e8re du Nord de l\u2019Ontario. L\u2019arriv\u00e9e du Chemin de fer Canadien Pacifique \u00e0 la fin des ann\u00e9es 1800 a jou\u00e9 un r\u00f4le d\u00e9terminant dans l\u2019ouverture de la r\u00e9gion au peuplement et \u00e0 la croissance \u00e9conomique. \u00c0 la suite de l\u2019ach\u00e8vement de la ligne ferroviaire transcontinentale en 1885, des communaut\u00e9s ont commenc\u00e9 \u00e0 se former le long du chemin de fer, attirant des colons \u2014 dont plusieurs familles canadiennes\u2011fran\u00e7aises provenant du Qu\u00e9bec \u2014 \u00e0 la recherche d\u2019occasions dans l\u2019exploitation foresti\u00e8re, l\u2019agriculture et le commerce.<\/p>\n\n\n\n<p>L\u2019un des premiers \u00e9tablissements de la r\u00e9gion fut Rivi\u00e8re\u2011Veuve, nomm\u00e9 d\u2019apr\u00e8s la rivi\u00e8re Veuve qui traverse le territoire. L\u2019industrie foresti\u00e8re est rapidement devenue un pilier de l\u2019\u00e9conomie locale, particuli\u00e8rement apr\u00e8s l\u2019\u00e9tablissement d\u2019une importante scierie en 1890, laquelle a soutenu l\u2019emploi et le d\u00e9veloppement des cantons environnants. L\u2019agriculture a \u00e9galement jou\u00e9 un r\u00f4le essentiel, les fermes familiales fa\u00e7onnant le paysage et la vie communautaire de ce qui sont aujourd\u2019hui les villages de Markstay et Warren.<\/p>\n\n\n\n<p>Le 1er janvier 1999, la Municipalit\u00e9 moderne de Markstay\u2011Warren a \u00e9t\u00e9 officiellement cr\u00e9\u00e9e \u00e0 la suite du regroupement de plusieurs anciens cantons en une municipalit\u00e9 \u00e0 palier unique. Cette fusion a permis de renforcer la gouvernance locale tout en pr\u00e9servant le caract\u00e8re rural et l\u2019identit\u00e9 distincte des villages et hameaux de la r\u00e9gion.<\/p>\n\n\n\n<p><strong>Information communautaire<\/strong><\/p>\n\n\n\n<p>Aujourd\u2019hui, Markstay\u2011Warren regroupe plusieurs communaut\u00e9s, dont Markstay, Warren, Hagar, ainsi que des \u00e9tablissements ruraux environnants. Le bureau municipal est situ\u00e9 \u00e0 Markstay, et plusieurs communaut\u00e9s se trouvent directement le long de la route\u202f17, qui fait partie du corridor de la route Transcanadienne.<\/p>\n\n\n\n<p>Avec une population de tout juste plus de 2\u202f700 habitants, la municipalit\u00e9 se distingue par ses vastes paysages compos\u00e9s de terres agricoles, de for\u00eats bor\u00e9ales, de rivi\u00e8res et de lacs. La r\u00e9gion est fi\u00e8rement bilingue, avec une forte pr\u00e9sence franco\u2011ontarienne refl\u00e9t\u00e9e dans sa culture, ses institutions et ses \u00e9v\u00e9nements communautaires.<\/p>\n\n\n\n<p>Markstay\u2011Warren continue de valoriser ses racines agricoles et foresti\u00e8res tout en misant sur les loisirs, la vie communautaire et une croissance durable. Entour\u00e9e d\u2019une nature remarquable et soutenue par une population soud\u00e9e, la municipalit\u00e9 offre une qualit\u00e9 de vie \u00e9lev\u00e9e fond\u00e9e sur la tradition, la r\u00e9silience et l\u2019esprit communautaire.<\/p>\n","protected":false},"excerpt":{"rendered":"<p>La Municipalit\u00e9 de Markstay\u2011Warren est une communaut\u00e9 rurale accueillante du Nord\u2011Est de l\u2019Ontario, reconnue pour son fort sentiment d\u2019appartenance, son h\u00e9ritage bilingue et son environnement naturel. Situ\u00e9e dans le district&hellip;<\/p>\n","protected":false},"author":1,"featured_media":814,"parent":0,"menu_order":0,"comment_status":"closed","ping_status":"closed","template":"","meta":{"footnotes":""},"categories":[],"class_list":["post-44","page","type-page","status-publish","has-post-thumbnail","hentry"],"translation":{"provider":"WPGlobus","version":"3.0.2","language":"fr","enabled_languages":["en","fr"],"languages":{"en":{"title":true,"content":true,"excerpt":false},"fr":{"title":true,"content":true,"excerpt":false}}},"_links":{"self":[{"href":"https:\/\/markstay-warren.ca\/fr\/wp-json\/wp\/v2\/pages\/44","targetHints":{"allow":["GET"]}}],"collection":[{"href":"https:\/\/markstay-warren.ca\/fr\/wp-json\/wp\/v2\/pages"}],"about":[{"href":"https:\/\/markstay-warren.ca\/fr\/wp-json\/wp\/v2\/types\/page"}],"author":[{"embeddable":true,"href":"https:\/\/markstay-warren.ca\/fr\/wp-json\/wp\/v2\/users\/1"}],"replies":[{"embeddable":true,"href":"https:\/\/markstay-warren.ca\/fr\/wp-json\/wp\/v2\/comments?post=44"}],"version-history":[{"count":4,"href":"https:\/\/markstay-warren.ca\/fr\/wp-json\/wp\/v2\/pages\/44\/revisions"}],"predecessor-version":[{"id":792,"href":"https:\/\/markstay-warren.ca\/fr\/wp-json\/wp\/v2\/pages\/44\/revisions\/792"}],"wp:featuredmedia":[{"embeddable":true,"href":"https:\/\/markstay-warren.ca\/fr\/wp-json\/wp\/v2\/media\/814"}],"wp:attachment":[{"href":"https:\/\/markstay-warren.ca\/fr\/wp-json\/wp\/v2\/media?parent=44"}],"wp:term":[{"taxonomy":"category","embeddable":true,"href":"https:\/\/markstay-warren.ca\/fr\/wp-json\/wp\/v2\/categories?post=44"}],"curies":[{"name":"wp","href":"https:\/\/api.w.org\/{rel}","templated":true}]}}