{"id":43,"date":"2025-12-05T00:09:04","date_gmt":"2025-12-05T00:09:04","guid":{"rendered":"https:\/\/markstay-warren.ca\/?page_id=43"},"modified":"2026-04-15T15:40:43","modified_gmt":"2026-04-15T15:40:43","slug":"business-and-development","status":"publish","type":"page","link":"https:\/\/markstay-warren.ca\/fr\/business-and-development\/","title":{"rendered":"Business and Development"},"content":{"rendered":"\n\t\t\t<div class=\"display-post-types\">\n\n\t\t\t\t\t\t\t<style type=\"text\/css\">\n\t\t\t#dpt-wrapper-5 { --dpt-text-align: left;--dpt-image-crop: center;--dpt-border-radius: 5px;--dpt-small-grid-column: 33.33%;--dpt-large-grid-column: 33.333333333333%;--dpt-h-gutter: 10px;--dpt-v-gutter: 10px; }\t\t\t<\/style>\n\t\t\t<style type=\"text\/css\">#dpt-wrapper-5 { --dpt-title-font-style:normal;--dpt-title-font-weight:600;--dpt-title-line-height:1.5;--dpt-title-text-decoration:none;--dpt-title-text-transform:none;--dpt-excerpt-font-style:normal;--dpt-excerpt-font-weight:400;--dpt-excerpt-line-height:1.5;--dpt-excerpt-text-decoration:none;--dpt-excerpt-text-transform:none;--dpt-meta1-font-style:normal;--dpt-meta1-font-weight:400;--dpt-meta1-line-height:1.9;--dpt-meta1-text-decoration:none;--dpt-meta1-text-transform:none;--dpt-meta2-font-style:normal;--dpt-meta2-font-weight:400;--dpt-meta2-line-height:1.9;--dpt-meta2-text-decoration:none;--dpt-meta2-text-transform:none; }<\/style>\t\t\t\n\t\t\t\t<div id=\"dpt-wrapper-5\" class=\"dpt-wrapper dpt-grid1 multi-col dpt-mason-wrap\" >\n\n\t\t\t\t\t\t\t\t\t\t\t<div class=\"dpt-entry no-thumbnail\" data-title=\"request for proposal | liquid calcium | tmw-2026-01\" data-id=\"873\"  data-category=\"bids\">\n\t\t\t\t\t\t\t<div class=\"dpt-entry-wrapper\"><div class=\" dpt-featured-content\"><div class=\" dpt-permalink\"><a href=\"https:\/\/markstay-warren.ca\/fr\/request-for-proposal-liquid-calcium-tmw-2026-01\/\" class=\"dpt-permalink\"><span class=\"screen-reader-text\">Request for Proposal | Liquid Calcium | TMW-2026-01<\/span><\/a><\/div><div class=\" dpt-thumbnail\"><div class=\"dpt-thumbnail-inner\"><\/div><span class=\"dpt-thumbnail-aspect-ratio\" style=\"padding-top: 100%\"><\/span><\/div><\/div><div class=\" sub-entry\"><h3 class=\" dpt-title\"><a class=\"dpt-title-link\" href=\"https:\/\/markstay-warren.ca\/fr\/request-for-proposal-liquid-calcium-tmw-2026-01\/\" rel=\"bookmark\">Request for Proposal | Liquid Calcium | TMW-2026-01<\/a><\/h3><\/div><\/div>\n\t\t\t\t\t\t<\/div><!-- .dpt-entry -->\n\t\t\t\t\t\t\t\t\t\t\t\t<div class=\"dpt-entry no-thumbnail\" data-title=\"offre d&#8217;emploi pour \u00e9tudiant d&#8217;\u00e9t\u00e9 | assistant(e) de bureau\" data-id=\"807\"  data-category=\"employment\" data-post_tag=\"employment job posting opportunities student job summer job\">\n\t\t\t\t\t\t\t<div class=\"dpt-entry-wrapper\"><div class=\" dpt-featured-content\"><div class=\" dpt-permalink\"><a href=\"https:\/\/markstay-warren.ca\/fr\/summer-student-job-posting-office-assistant\/\" class=\"dpt-permalink\"><span class=\"screen-reader-text\">Offre d&#8217;emploi pour \u00e9tudiant d&#8217;\u00e9t\u00e9 | Assistant(e) de bureau<\/span><\/a><\/div><div class=\" dpt-thumbnail\"><div class=\"dpt-thumbnail-inner\"><\/div><span class=\"dpt-thumbnail-aspect-ratio\" style=\"padding-top: 100%\"><\/span><\/div><\/div><div class=\" sub-entry\"><h3 class=\" dpt-title\"><a class=\"dpt-title-link\" href=\"https:\/\/markstay-warren.ca\/fr\/summer-student-job-posting-office-assistant\/\" rel=\"bookmark\">Offre d&#8217;emploi pour \u00e9tudiant d&#8217;\u00e9t\u00e9 | Assistant(e) de bureau<\/a><\/h3><\/div><\/div>\n\t\t\t\t\t\t<\/div><!-- .dpt-entry -->\n\t\t\t\t\t\t\t\t\t\t\t\t<div class=\"dpt-entry no-thumbnail\" data-title=\"offre d&#8217;emploi pour \u00e9tudiant d&#8217;\u00e9t\u00e9 | poste de maintenance au sol\" data-id=\"800\"  data-category=\"employment\" data-post_tag=\"employment job posting opportunities student job summer job\">\n\t\t\t\t\t\t\t<div class=\"dpt-entry-wrapper\"><div class=\" dpt-featured-content\"><div class=\" dpt-permalink\"><a href=\"https:\/\/markstay-warren.ca\/fr\/summer-student-job-posting-ground-maintenance-position\/\" class=\"dpt-permalink\"><span class=\"screen-reader-text\">Offre d&#8217;emploi pour \u00e9tudiant d&#8217;\u00e9t\u00e9 | Poste de maintenance au sol<\/span><\/a><\/div><div class=\" dpt-thumbnail\"><div class=\"dpt-thumbnail-inner\"><\/div><span class=\"dpt-thumbnail-aspect-ratio\" style=\"padding-top: 100%\"><\/span><\/div><\/div><div class=\" sub-entry\"><h3 class=\" dpt-title\"><a class=\"dpt-title-link\" href=\"https:\/\/markstay-warren.ca\/fr\/summer-student-job-posting-ground-maintenance-position\/\" rel=\"bookmark\">Offre d&#8217;emploi pour \u00e9tudiant d&#8217;\u00e9t\u00e9 | Poste de maintenance au sol<\/a><\/h3><\/div><\/div>\n\t\t\t\t\t\t<\/div><!-- .dpt-entry -->\n\t\t\t\t\t\t\t\t\t\t\t\t<div class=\"dpt-entry no-thumbnail\" data-title=\"request for proposal | i.t. services | tmw 2026-05\" data-id=\"381\"  data-category=\"bids\" data-post_tag=\"2026-05 bids i.t. i.t. services proposal request request for proposal\">\n\t\t\t\t\t\t\t<div class=\"dpt-entry-wrapper\"><div class=\" dpt-featured-content\"><div class=\" dpt-permalink\"><a href=\"https:\/\/markstay-warren.ca\/fr\/request-for-proposal-i-t-services-tmw-2026-05\/\" class=\"dpt-permalink\"><span class=\"screen-reader-text\">Request for Proposal | I.T. Services | TMW 2026-05<\/span><\/a><\/div><div class=\" dpt-thumbnail\"><div class=\"dpt-thumbnail-inner\"><\/div><span class=\"dpt-thumbnail-aspect-ratio\" style=\"padding-top: 100%\"><\/span><\/div><\/div><div class=\" sub-entry\"><h3 class=\" dpt-title\"><a class=\"dpt-title-link\" href=\"https:\/\/markstay-warren.ca\/fr\/request-for-proposal-i-t-services-tmw-2026-05\/\" rel=\"bookmark\">Request for Proposal | I.T. Services | TMW 2026-05<\/a><\/h3><\/div><\/div>\n\t\t\t\t\t\t<\/div><!-- .dpt-entry -->\n\t\t\t\t\t\t\t\t\t\t\t\t<div class=\"dpt-entry no-thumbnail\" data-title=\"request for proposal | external audit services | tmw-2026-07\" data-id=\"373\"  data-category=\"bids\" data-post_tag=\"2026-07 audit proposal request request for proposal\">\n\t\t\t\t\t\t\t<div class=\"dpt-entry-wrapper\"><div class=\" dpt-featured-content\"><div class=\" dpt-permalink\"><a href=\"https:\/\/markstay-warren.ca\/fr\/request-for-proposal-external-audit-services-tmw-2026-07\/\" class=\"dpt-permalink\"><span class=\"screen-reader-text\">Request for Proposal | External Audit Services | TMW-2026-07<\/span><\/a><\/div><div class=\" dpt-thumbnail\"><div class=\"dpt-thumbnail-inner\"><\/div><span class=\"dpt-thumbnail-aspect-ratio\" style=\"padding-top: 100%\"><\/span><\/div><\/div><div class=\" sub-entry\"><h3 class=\" dpt-title\"><a class=\"dpt-title-link\" href=\"https:\/\/markstay-warren.ca\/fr\/request-for-proposal-external-audit-services-tmw-2026-07\/\" rel=\"bookmark\">Request for Proposal | External Audit Services | TMW-2026-07<\/a><\/h3><\/div><\/div>\n\t\t\t\t\t\t<\/div><!-- .dpt-entry -->\n\t\t\t\t\t\t\t\t\t\t\t\t<div class=\"dpt-entry no-thumbnail\" data-title=\"request for quote &#8211; alternative voting system services (internet\/telephone)\" data-id=\"340\"  data-category=\"bids\" data-post_tag=\"bid quote voting\">\n\t\t\t\t\t\t\t<div class=\"dpt-entry-wrapper\"><div class=\" dpt-featured-content\"><div class=\" dpt-permalink\"><a href=\"https:\/\/markstay-warren.ca\/fr\/request-for-quote-alternative-voting-system-services-internet-telephone\/\" class=\"dpt-permalink\"><span class=\"screen-reader-text\">Request for Quote &#8211; Alternative Voting System Services (Internet\/Telephone)<\/span><\/a><\/div><div class=\" dpt-thumbnail\"><div class=\"dpt-thumbnail-inner\"><\/div><span class=\"dpt-thumbnail-aspect-ratio\" style=\"padding-top: 100%\"><\/span><\/div><\/div><div class=\" sub-entry\"><h3 class=\" dpt-title\"><a class=\"dpt-title-link\" href=\"https:\/\/markstay-warren.ca\/fr\/request-for-quote-alternative-voting-system-services-internet-telephone\/\" rel=\"bookmark\">Request for Quote &#8211; Alternative Voting System Services (Internet\/Telephone)<\/a><\/h3><\/div><\/div>\n\t\t\t\t\t\t<\/div><!-- .dpt-entry -->\n\t\t\t\t\t\t\t\t\t\t\t\t<div class=\"dpt-entry no-thumbnail\" data-title=\"(closed) deputy clerk report to cao\/clerk\" data-id=\"297\"  data-category=\"employment\" data-post_tag=\"employment full-time job posting opportunities\">\n\t\t\t\t\t\t\t<div class=\"dpt-entry-wrapper\"><div class=\" dpt-featured-content\"><div class=\" dpt-permalink\"><a href=\"https:\/\/markstay-warren.ca\/fr\/deputy-clerk-report-to-cao-clerk\/\" class=\"dpt-permalink\"><span class=\"screen-reader-text\">(CLOSED) Deputy Clerk report to CAO\/Clerk<\/span><\/a><\/div><div class=\" dpt-thumbnail\"><div class=\"dpt-thumbnail-inner\"><\/div><span class=\"dpt-thumbnail-aspect-ratio\" style=\"padding-top: 100%\"><\/span><\/div><\/div><div class=\" sub-entry\"><h3 class=\" dpt-title\"><a class=\"dpt-title-link\" href=\"https:\/\/markstay-warren.ca\/fr\/deputy-clerk-report-to-cao-clerk\/\" rel=\"bookmark\">(CLOSED) Deputy Clerk report to CAO\/Clerk<\/a><\/h3><\/div><\/div>\n\t\t\t\t\t\t<\/div><!-- .dpt-entry -->\n\t\t\t\t\t\t\t\t\t\t\t\t<div class=\"dpt-entry no-thumbnail\" data-title=\"(closed) general labourer full-time position\" data-id=\"262\"  data-category=\"employment\" data-post_tag=\"employment full-time labourer opportunities\">\n\t\t\t\t\t\t\t<div class=\"dpt-entry-wrapper\"><div class=\" dpt-featured-content\"><div class=\" dpt-permalink\"><a href=\"https:\/\/markstay-warren.ca\/fr\/general-labourer-full-time-position\/\" class=\"dpt-permalink\"><span class=\"screen-reader-text\">(CLOSED) General Labourer Full-Time Position<\/span><\/a><\/div><div class=\" dpt-thumbnail\"><div class=\"dpt-thumbnail-inner\"><\/div><span class=\"dpt-thumbnail-aspect-ratio\" style=\"padding-top: 100%\"><\/span><\/div><\/div><div class=\" sub-entry\"><h3 class=\" dpt-title\"><a class=\"dpt-title-link\" href=\"https:\/\/markstay-warren.ca\/fr\/general-labourer-full-time-position\/\" rel=\"bookmark\">(CLOSED) General Labourer Full-Time Position<\/a><\/h3><\/div><\/div>\n\t\t\t\t\t\t<\/div><!-- .dpt-entry -->\n\t\t\t\t\t\t\t\t\t\t\t\t<div class=\"dpt-entry no-thumbnail\" data-title=\"request for proposal | tmw-2025-08 plow truck replacement\" data-id=\"247\"  data-category=\"bids\">\n\t\t\t\t\t\t\t<div class=\"dpt-entry-wrapper\"><div class=\" dpt-featured-content\"><div class=\" dpt-permalink\"><a href=\"https:\/\/markstay-warren.ca\/fr\/request-for-proposal-tmw-2025-08-plow-truck-replacement\/\" class=\"dpt-permalink\"><span class=\"screen-reader-text\">Request for Proposal | TMW-2025-08 Plow Truck Replacement<\/span><\/a><\/div><div class=\" dpt-thumbnail\"><div class=\"dpt-thumbnail-inner\"><\/div><span class=\"dpt-thumbnail-aspect-ratio\" style=\"padding-top: 100%\"><\/span><\/div><\/div><div class=\" sub-entry\"><h3 class=\" dpt-title\"><a class=\"dpt-title-link\" href=\"https:\/\/markstay-warren.ca\/fr\/request-for-proposal-tmw-2025-08-plow-truck-replacement\/\" rel=\"bookmark\">Request for Proposal | TMW-2025-08 Plow Truck Replacement<\/a><\/h3><\/div><\/div>\n\t\t\t\t\t\t<\/div><!-- .dpt-entry -->\n\t\t\t\t\t\t\n\t\t\t\t<\/div>\n\t\t\t\t\t\t<\/div>\n\t\t\t","protected":false},"excerpt":{"rendered":"","protected":false},"author":1,"featured_media":0,"parent":0,"menu_order":0,"comment_status":"closed","ping_status":"closed","template":"","meta":{"footnotes":""},"categories":[],"class_list":["post-43","page","type-page","status-publish","hentry"],"translation":{"provider":"WPGlobus","version":"3.0.2","language":"fr","enabled_languages":["en","fr"],"languages":{"en":{"title":true,"content":true,"excerpt":false},"fr":{"title":false,"content":false,"excerpt":false}}},"_links":{"self":[{"href":"https:\/\/markstay-warren.ca\/fr\/wp-json\/wp\/v2\/pages\/43","targetHints":{"allow":["GET"]}}],"collection":[{"href":"https:\/\/markstay-warren.ca\/fr\/wp-json\/wp\/v2\/pages"}],"about":[{"href":"https:\/\/markstay-warren.ca\/fr\/wp-json\/wp\/v2\/types\/page"}],"author":[{"embeddable":true,"href":"https:\/\/markstay-warren.ca\/fr\/wp-json\/wp\/v2\/users\/1"}],"replies":[{"embeddable":true,"href":"https:\/\/markstay-warren.ca\/fr\/wp-json\/wp\/v2\/comments?post=43"}],"version-history":[{"count":4,"href":"https:\/\/markstay-warren.ca\/fr\/wp-json\/wp\/v2\/pages\/43\/revisions"}],"predecessor-version":[{"id":471,"href":"https:\/\/markstay-warren.ca\/fr\/wp-json\/wp\/v2\/pages\/43\/revisions\/471"}],"wp:attachment":[{"href":"https:\/\/markstay-warren.ca\/fr\/wp-json\/wp\/v2\/media?parent=43"}],"wp:term":[{"taxonomy":"category","embeddable":true,"href":"https:\/\/markstay-warren.ca\/fr\/wp-json\/wp\/v2\/categories?post=43"}],"curies":[{"name":"wp","href":"https:\/\/api.w.org\/{rel}","templated":true}]}}