{"id":42,"date":"2025-12-05T00:09:04","date_gmt":"2025-12-05T00:09:04","guid":{"rendered":"https:\/\/markstay-warren.ca\/?page_id=42"},"modified":"2026-05-05T20:15:06","modified_gmt":"2026-05-05T20:15:06","slug":"businesses-directory","status":"publish","type":"page","link":"https:\/\/markstay-warren.ca\/fr\/businesses-directory\/","title":{"rendered":"R\u00e9pertoire des entreprises"},"content":{"rendered":"\n<p>La Municipalit\u00e9 est heureuse de pr\u00e9senter un nouveau <strong>r\u00e9pertoire des entreprises en ligne<\/strong>, con\u00e7u pour promouvoir et soutenir les entreprises locales.<\/p>\n\n\n\n<p>Nous invitons toutes les entreprises exer\u00e7ant leurs activit\u00e9s sur le territoire de la municipalit\u00e9 \u00e0 s\u2019inscrire et \u00e0 fournir leurs renseignements. Ce r\u00e9pertoire servira de ressource centralis\u00e9e pour les r\u00e9sidents, les visiteurs et les investisseurs potentiels \u00e0 la recherche de produits et de services locaux.<\/p>\n\n\n\n<p>La participation est gratuite et offre l\u2019occasion de\u202f:<\/p>\n\n\n\n<ul class=\"wp-block-list\">\n<li>Accro\u00eetre la visibilit\u00e9 de votre entreprise<\/li>\n\n\n\n<li>Cr\u00e9er des liens avec la communaut\u00e9 locale<\/li>\n\n\n\n<li>Soutenir la croissance \u00e9conomique au sein de la municipalit\u00e9<\/li>\n<\/ul>\n\n\n\n<p>Nous encourageons toutes les entreprises \u00e0 participer afin de s\u2019assurer qu\u2019elles sont bien repr\u00e9sent\u00e9es.<\/p>\n\n\n\n<p><strong>Soumettez d\u00e8s aujourd\u2019hui les renseignements de votre entreprise pour \u00eatre inclus en communiquant avec le bureau au 705\u2011853\u20114536 ou par courriel \u00e0 info@markstay-warren.ca.<\/strong><\/p>\n","protected":false},"excerpt":{"rendered":"<p>La Municipalit\u00e9 est heureuse de pr\u00e9senter un nouveau r\u00e9pertoire des entreprises en ligne, con\u00e7u pour promouvoir et soutenir les entreprises locales. Nous invitons toutes les entreprises exer\u00e7ant leurs activit\u00e9s sur&hellip;<\/p>\n","protected":false},"author":1,"featured_media":0,"parent":0,"menu_order":0,"comment_status":"closed","ping_status":"closed","template":"","meta":{"footnotes":""},"categories":[],"class_list":["post-42","page","type-page","status-publish","hentry"],"translation":{"provider":"WPGlobus","version":"3.0.2","language":"fr","enabled_languages":["en","fr"],"languages":{"en":{"title":true,"content":true,"excerpt":false},"fr":{"title":true,"content":true,"excerpt":false}}},"_links":{"self":[{"href":"https:\/\/markstay-warren.ca\/fr\/wp-json\/wp\/v2\/pages\/42","targetHints":{"allow":["GET"]}}],"collection":[{"href":"https:\/\/markstay-warren.ca\/fr\/wp-json\/wp\/v2\/pages"}],"about":[{"href":"https:\/\/markstay-warren.ca\/fr\/wp-json\/wp\/v2\/types\/page"}],"author":[{"embeddable":true,"href":"https:\/\/markstay-warren.ca\/fr\/wp-json\/wp\/v2\/users\/1"}],"replies":[{"embeddable":true,"href":"https:\/\/markstay-warren.ca\/fr\/wp-json\/wp\/v2\/comments?post=42"}],"version-history":[{"count":7,"href":"https:\/\/markstay-warren.ca\/fr\/wp-json\/wp\/v2\/pages\/42\/revisions"}],"predecessor-version":[{"id":908,"href":"https:\/\/markstay-warren.ca\/fr\/wp-json\/wp\/v2\/pages\/42\/revisions\/908"}],"wp:attachment":[{"href":"https:\/\/markstay-warren.ca\/fr\/wp-json\/wp\/v2\/media?parent=42"}],"wp:term":[{"taxonomy":"category","embeddable":true,"href":"https:\/\/markstay-warren.ca\/fr\/wp-json\/wp\/v2\/categories?post=42"}],"curies":[{"name":"wp","href":"https:\/\/api.w.org\/{rel}","templated":true}]}}