{"id":35,"date":"2025-12-05T00:06:44","date_gmt":"2025-12-05T00:06:44","guid":{"rendered":"https:\/\/markstay-warren.ca\/?page_id=35"},"modified":"2026-05-05T21:24:25","modified_gmt":"2026-05-05T21:24:25","slug":"newsroom","status":"publish","type":"page","link":"https:\/\/markstay-warren.ca\/fr\/news-and-events\/newsroom\/","title":{"rendered":"Salle de presse"},"content":{"rendered":"\n<div class=\"wp-block-query is-layout-flow wp-block-query-is-layout-flow\"><ul class=\"wp-block-post-template has-small-font-size is-layout-flow wp-block-post-template-is-layout-flow\"><li class=\"wp-block-post post-920 post type-post status-publish format-standard hentry category-newsroom tag-council tag-meeting tag-special-council-meeting\">\n\n<div class=\"wp-block-group is-vertical is-layout-flex wp-container-core-group-is-layout-2eb2ff60 wp-block-group-is-layout-flex\" style=\"padding-top:30px;padding-right:30px;padding-bottom:30px;padding-left:30px\"><h2 class=\"wp-block-post-title has-medium-font-size wp-container-content-9cfa9a5a\"><a href=\"https:\/\/markstay-warren.ca\/fr\/special-council-meeting\/\" target=\"_self\" >R\u00e9union extraordinaire du Conseil<\/a><\/h2>\n\n<div class=\"wp-block-post-excerpt has-medium-font-size\"><p class=\"wp-block-post-excerpt__excerpt\">14 mai 2026 \u2013 19 hCentre communautaire de Markstay\u2011Warren39, rue Lafontaine, Warren, ON Une r\u00e9union extraordinaire du Conseil aura lieu le jeudi 14 mai 2026 \u00e0 19 h au Centre&hellip; <\/p><\/div>\n\n<div class=\"wp-block-post-date\"><time datetime=\"2026-05-12T19:15:06+00:00\">mai 12, 2026<\/time><\/div><\/div>\n\n<\/li><li class=\"wp-block-post post-903 post type-post status-publish format-standard hentry category-newsroom tag-boil-water-advisory tag-phsd tag-water\">\n\n<div class=\"wp-block-group is-vertical is-layout-flex wp-container-core-group-is-layout-2eb2ff60 wp-block-group-is-layout-flex\" style=\"padding-top:30px;padding-right:30px;padding-bottom:30px;padding-left:30px\"><h2 class=\"wp-block-post-title has-medium-font-size wp-container-content-9cfa9a5a\"><a href=\"https:\/\/markstay-warren.ca\/fr\/boil-water-advisory-update-markstay-residents-not-affected\/\" target=\"_self\" >Mise \u00e0 jour: Avis d\u2019\u00e9bullition de l\u2019eau &#8211; Les r\u00e9sidents de Markstay ne sont pas touch\u00e9s<\/a><\/h2>\n\n<div class=\"wp-block-post-excerpt has-medium-font-size\"><p class=\"wp-block-post-excerpt__excerpt\">Markstay-Warren (Ontario) \u2013 le 7 mai, 2026 La Municipalit\u00e9 de Markstay-Warren souhaite informer les r\u00e9sidents que l\u2019avis d\u2019\u00e9bullition de l\u2019eau \u00e9mis par Sant\u00e9 publique Sudbury et districts (SPSD) pour New&hellip; <\/p><\/div>\n\n<div class=\"wp-block-post-date\"><time datetime=\"2026-05-07T18:50:35+00:00\">mai 7, 2026<\/time><\/div><\/div>\n\n<\/li><li class=\"wp-block-post post-873 post type-post status-publish format-standard hentry category-bids\">\n\n<div class=\"wp-block-group is-vertical is-layout-flex wp-container-core-group-is-layout-2eb2ff60 wp-block-group-is-layout-flex\" style=\"padding-top:30px;padding-right:30px;padding-bottom:30px;padding-left:30px\"><h2 class=\"wp-block-post-title has-medium-font-size wp-container-content-9cfa9a5a\"><a href=\"https:\/\/markstay-warren.ca\/fr\/request-for-proposal-liquid-calcium-tmw-2026-01\/\" target=\"_self\" >Request for Proposal | Liquid Calcium | TMW-2026-01<\/a><\/h2>\n\n<div class=\"wp-block-post-excerpt has-medium-font-size\"><p class=\"wp-block-post-excerpt__excerpt\">Initial Release 2026-05-05 Bids Due 2026-05-15 Bids Opened 2026-05-18 Bids Presented to Council 2026-05-18 The Municipality of Markstay-Warren invites proposals from qualified material handlers to provide Liquid Calcium Application Services&hellip; <\/p><\/div>\n\n<div class=\"wp-block-post-date\"><time datetime=\"2026-05-05T18:59:10+00:00\">mai 5, 2026<\/time><\/div><\/div>\n\n<\/li><li class=\"wp-block-post post-807 post type-post status-publish format-standard hentry category-employment tag-employment tag-job-posting tag-opportunities tag-student-job tag-summer-job\">\n\n<div class=\"wp-block-group is-vertical is-layout-flex wp-container-core-group-is-layout-2eb2ff60 wp-block-group-is-layout-flex\" style=\"padding-top:30px;padding-right:30px;padding-bottom:30px;padding-left:30px\"><h2 class=\"wp-block-post-title has-medium-font-size wp-container-content-9cfa9a5a\"><a href=\"https:\/\/markstay-warren.ca\/fr\/summer-student-job-posting-office-assistant\/\" target=\"_self\" >Offre d&#8217;emploi pour \u00e9tudiant d&#8217;\u00e9t\u00e9 | Assistant(e) de bureau<\/a><\/h2>\n\n<div class=\"wp-block-post-excerpt has-medium-font-size\"><p class=\"wp-block-post-excerpt__excerpt\">La municipalit\u00e9 de Markstay-Warren accepte actuellement les curriculum vitae pour un posted&#8217;assistant(e) de bureau d&#8217;\u00e9t\u00e9 de douze semaines (8) avec une date de d\u00e9but provisoire du 6 juillet au 29ao\u00fbt&hellip; <\/p><\/div>\n\n<div class=\"wp-block-post-date\"><time datetime=\"2026-04-22T14:29:22+00:00\">avril 22, 2026<\/time><\/div><\/div>\n\n<\/li><li class=\"wp-block-post post-800 post type-post status-publish format-standard hentry category-employment tag-employment tag-job-posting tag-opportunities tag-student-job tag-summer-job\">\n\n<div class=\"wp-block-group is-vertical is-layout-flex wp-container-core-group-is-layout-2eb2ff60 wp-block-group-is-layout-flex\" style=\"padding-top:30px;padding-right:30px;padding-bottom:30px;padding-left:30px\"><h2 class=\"wp-block-post-title has-medium-font-size wp-container-content-9cfa9a5a\"><a href=\"https:\/\/markstay-warren.ca\/fr\/summer-student-job-posting-ground-maintenance-position\/\" target=\"_self\" >Offre d&#8217;emploi pour \u00e9tudiant d&#8217;\u00e9t\u00e9 | Poste de maintenance au sol<\/a><\/h2>\n\n<div class=\"wp-block-post-excerpt has-medium-font-size\"><p class=\"wp-block-post-excerpt__excerpt\">La municipalit\u00e9 de Markstay-Warren accepte actuellement les curriculum vitae pour un posted&#8217;assistant(e) de bureau d&#8217;\u00e9t\u00e9 de douze semaines (8) avec une date de d\u00e9but provisoire du 6 juillet au 29ao\u00fbt&hellip; <\/p><\/div>\n\n<div class=\"wp-block-post-date\"><time datetime=\"2026-04-22T14:23:13+00:00\">avril 22, 2026<\/time><\/div><\/div>\n\n<\/li><li class=\"wp-block-post post-771 post type-post status-publish format-standard hentry category-newsroom tag-survey\">\n\n<div class=\"wp-block-group is-vertical is-layout-flex wp-container-core-group-is-layout-2eb2ff60 wp-block-group-is-layout-flex\" style=\"padding-top:30px;padding-right:30px;padding-bottom:30px;padding-left:30px\"><h2 class=\"wp-block-post-title has-medium-font-size wp-container-content-9cfa9a5a\"><a href=\"https:\/\/markstay-warren.ca\/fr\/markstay-warren-residents-we-need-your-input\/\" target=\"_self\" >R\u00e9sidents de Markstay-Warren : Nous avons besoin de votre avis!<\/a><\/h2>\n\n<div class=\"wp-block-post-excerpt has-medium-font-size\"><p class=\"wp-block-post-excerpt__excerpt\">Des d\u00e9cisions sont prises d\u00e8s maintenant et elles fa\u00e7onneront l\u2019avenir de Markstay-Warren pour la prochaine d\u00e9cennie &#8211; et votre voix est essentielle \u00e0 ce processus. La Municipalit\u00e9 \u00e9labore un nouveau&hellip; <\/p><\/div>\n\n<div class=\"wp-block-post-date\"><time datetime=\"2026-04-20T14:49:10+00:00\">avril 20, 2026<\/time><\/div><\/div>\n\n<\/li><li class=\"wp-block-post post-436 post type-post status-publish format-standard hentry category-newsroom\">\n\n<div class=\"wp-block-group is-vertical is-layout-flex wp-container-core-group-is-layout-2eb2ff60 wp-block-group-is-layout-flex\" style=\"padding-top:30px;padding-right:30px;padding-bottom:30px;padding-left:30px\"><h2 class=\"wp-block-post-title has-medium-font-size wp-container-content-9cfa9a5a\"><a href=\"https:\/\/markstay-warren.ca\/fr\/road-closure-notices\/\" target=\"_self\" >Road Closure Notices<\/a><\/h2>\n\n<div class=\"wp-block-post-excerpt has-medium-font-size\"><p class=\"wp-block-post-excerpt__excerpt\">\ud83d\udea7 Road Closure Notice \ud83d\udea7 St\u2011Germain Road and Sutcliffe Road are currently closed due to flooding. Please avoid the area and use alternate routes. We will provide updates as conditions&hellip; <\/p><\/div>\n\n<div class=\"wp-block-post-date\"><time datetime=\"2026-04-15T14:15:31+00:00\">avril 15, 2026<\/time><\/div><\/div>\n\n<\/li><li class=\"wp-block-post post-431 post type-post status-publish format-standard hentry category-newsroom\">\n\n<div class=\"wp-block-group is-vertical is-layout-flex wp-container-core-group-is-layout-2eb2ff60 wp-block-group-is-layout-flex\" style=\"padding-top:30px;padding-right:30px;padding-bottom:30px;padding-left:30px\"><h2 class=\"wp-block-post-title has-medium-font-size wp-container-content-9cfa9a5a\"><a href=\"https:\/\/markstay-warren.ca\/fr\/garbage-collection-update-2\/\" target=\"_self\" >Garbage Collection Update<\/a><\/h2>\n\n<div class=\"wp-block-post-excerpt has-medium-font-size\"><p class=\"wp-block-post-excerpt__excerpt\">Please be advised that due to unexpected garbage truck issues, collection was not completed today in some areas. The missed areas will be collected tomorrow, Wednesday, April 15, in the&hellip; <\/p><\/div>\n\n<div class=\"wp-block-post-date\"><time datetime=\"2026-04-14T19:54:41+00:00\">avril 14, 2026<\/time><\/div><\/div>\n\n<\/li><li class=\"wp-block-post post-428 post type-post status-publish format-standard hentry category-newsroom tag-important tag-notice tag-road-conditions tag-road-maintenance tag-roads tag-service-request\">\n\n<div class=\"wp-block-group is-vertical is-layout-flex wp-container-core-group-is-layout-2eb2ff60 wp-block-group-is-layout-flex\" style=\"padding-top:30px;padding-right:30px;padding-bottom:30px;padding-left:30px\"><h2 class=\"wp-block-post-title has-medium-font-size wp-container-content-9cfa9a5a\"><a href=\"https:\/\/markstay-warren.ca\/fr\/important-notice-road-condition-reports\/\" target=\"_self\" >Important Notice \u2013 Road Condition Reports<\/a><\/h2>\n\n<div class=\"wp-block-post-excerpt has-medium-font-size\"><p class=\"wp-block-post-excerpt__excerpt\">Due to an extremely high volume of calls regarding road washouts, blocked culverts, and other road conditions, phone lines are very busy. Our crews are working diligently to address reported&hellip; <\/p><\/div>\n\n<div class=\"wp-block-post-date\"><time datetime=\"2026-04-14T19:24:08+00:00\">avril 14, 2026<\/time><\/div><\/div>\n\n<\/li><li class=\"wp-block-post post-395 post type-post status-publish format-standard hentry category-newsroom tag-garbage tag-garbage-pickup tag-notice\">\n\n<div class=\"wp-block-group is-vertical is-layout-flex wp-container-core-group-is-layout-2eb2ff60 wp-block-group-is-layout-flex\" style=\"padding-top:30px;padding-right:30px;padding-bottom:30px;padding-left:30px\"><h2 class=\"wp-block-post-title has-medium-font-size wp-container-content-9cfa9a5a\"><a href=\"https:\/\/markstay-warren.ca\/fr\/garbage-collection-update\/\" target=\"_self\" >Garbage Collection Update<\/a><\/h2>\n\n<div class=\"wp-block-post-excerpt has-medium-font-size\"><p class=\"wp-block-post-excerpt__excerpt\">Please be advised that due to an unexpected garbage truck breakdown, collection was not completed today in the following areas: The missed areas will be collected tomorrow, Wednesday, April 8,&hellip; <\/p><\/div>\n\n<div class=\"wp-block-post-date\"><time datetime=\"2026-04-07T19:14:35+00:00\">avril 7, 2026<\/time><\/div><\/div>\n\n<\/li><\/ul><\/div>\n","protected":false},"excerpt":{"rendered":"","protected":false},"author":1,"featured_media":0,"parent":44,"menu_order":0,"comment_status":"closed","ping_status":"closed","template":"","meta":{"footnotes":""},"categories":[],"class_list":["post-35","page","type-page","status-publish","hentry"],"translation":{"provider":"WPGlobus","version":"3.0.2","language":"fr","enabled_languages":["en","fr"],"languages":{"en":{"title":true,"content":true,"excerpt":false},"fr":{"title":true,"content":false,"excerpt":false}}},"_links":{"self":[{"href":"https:\/\/markstay-warren.ca\/fr\/wp-json\/wp\/v2\/pages\/35","targetHints":{"allow":["GET"]}}],"collection":[{"href":"https:\/\/markstay-warren.ca\/fr\/wp-json\/wp\/v2\/pages"}],"about":[{"href":"https:\/\/markstay-warren.ca\/fr\/wp-json\/wp\/v2\/types\/page"}],"author":[{"embeddable":true,"href":"https:\/\/markstay-warren.ca\/fr\/wp-json\/wp\/v2\/users\/1"}],"replies":[{"embeddable":true,"href":"https:\/\/markstay-warren.ca\/fr\/wp-json\/wp\/v2\/comments?post=35"}],"version-history":[{"count":9,"href":"https:\/\/markstay-warren.ca\/fr\/wp-json\/wp\/v2\/pages\/35\/revisions"}],"predecessor-version":[{"id":896,"href":"https:\/\/markstay-warren.ca\/fr\/wp-json\/wp\/v2\/pages\/35\/revisions\/896"}],"up":[{"embeddable":true,"href":"https:\/\/markstay-warren.ca\/fr\/wp-json\/wp\/v2\/pages\/44"}],"wp:attachment":[{"href":"https:\/\/markstay-warren.ca\/fr\/wp-json\/wp\/v2\/media?parent=35"}],"wp:term":[{"taxonomy":"category","embeddable":true,"href":"https:\/\/markstay-warren.ca\/fr\/wp-json\/wp\/v2\/categories?post=35"}],"curies":[{"name":"wp","href":"https:\/\/api.w.org\/{rel}","templated":true}]}}