{"id":173,"date":"2025-12-05T04:46:51","date_gmt":"2025-12-05T04:46:51","guid":{"rendered":"https:\/\/markstay-warren.ca\/?page_id=173"},"modified":"2026-05-05T21:17:58","modified_gmt":"2026-05-05T21:17:58","slug":"sudbury-east-chamber-of-commerce","status":"publish","type":"page","link":"https:\/\/markstay-warren.ca\/fr\/businesses-directory\/sudbury-east-chamber-of-commerce\/","title":{"rendered":"Chambre de commerce de Sudbury Est"},"content":{"rendered":"\n<p>La Chambre de commerce de Sudbury Est (CCSE) est la voix du milieu des affaires dans la r\u00e9gion de Sudbury Est. Elle dessert les municipalit\u00e9s de French River, Killarney, Markstay\u2011Warren et St\u2011Charles, ainsi que la Premi\u00e8re Nation de Dokis. Nous plaidons aupr\u00e8s de tous les ordres de gouvernement afin de favoriser un environnement \u00e9conomique solide qui profite aux entreprises de nos membres et \u00e0 la communaut\u00e9 locale. Nous travaillons au nom de nos membres de fa\u00e7on concert\u00e9e avec les municipalit\u00e9s locales, les Premi\u00e8res Nations, les organismes et les entreprises afin de maintenir et d\u2019accro\u00eetre le nombre de services et de ressources offerts aux membres de la Chambre et \u00e0 la r\u00e9gion de Sudbury Est, et de renforcer les secteurs des affaires, de l\u2019\u00e9conomie, du milieu social, communautaire et de la sant\u00e9 dans la r\u00e9gion.<\/p>\n\n\n\n<p>Pour en savoir plus sur la CCSE, vous pouvez visiter son <a href=\"https:\/\/www.sudburyeastchamber.com\/\" data-type=\"link\" data-id=\"https:\/\/www.sudburyeastchamber.com\/\">site Web<\/a> ou obtenir ses coordonn\u00e9es \u00e0 partir de notre <a href=\"https:\/\/markstay-warren.ca\/fr\/businesses-directory\/\" data-type=\"link\" data-id=\"https:\/\/markstay-warren.ca\/fr\/businesses-directory\/\">r\u00e9pertoire des entreprises<\/a>.<\/p>\n","protected":false},"excerpt":{"rendered":"<p>La Chambre de commerce de Sudbury Est (CCSE) est la voix du milieu des affaires dans la r\u00e9gion de Sudbury Est. Elle dessert les municipalit\u00e9s de French River, Killarney, Markstay\u2011Warren&hellip;<\/p>\n","protected":false},"author":1,"featured_media":0,"parent":42,"menu_order":0,"comment_status":"closed","ping_status":"closed","template":"","meta":{"footnotes":""},"categories":[],"class_list":["post-173","page","type-page","status-publish","hentry"],"translation":{"provider":"WPGlobus","version":"3.0.2","language":"fr","enabled_languages":["en","fr"],"languages":{"en":{"title":true,"content":true,"excerpt":false},"fr":{"title":true,"content":true,"excerpt":false}}},"_links":{"self":[{"href":"https:\/\/markstay-warren.ca\/fr\/wp-json\/wp\/v2\/pages\/173","targetHints":{"allow":["GET"]}}],"collection":[{"href":"https:\/\/markstay-warren.ca\/fr\/wp-json\/wp\/v2\/pages"}],"about":[{"href":"https:\/\/markstay-warren.ca\/fr\/wp-json\/wp\/v2\/types\/page"}],"author":[{"embeddable":true,"href":"https:\/\/markstay-warren.ca\/fr\/wp-json\/wp\/v2\/users\/1"}],"replies":[{"embeddable":true,"href":"https:\/\/markstay-warren.ca\/fr\/wp-json\/wp\/v2\/comments?post=173"}],"version-history":[{"count":4,"href":"https:\/\/markstay-warren.ca\/fr\/wp-json\/wp\/v2\/pages\/173\/revisions"}],"predecessor-version":[{"id":895,"href":"https:\/\/markstay-warren.ca\/fr\/wp-json\/wp\/v2\/pages\/173\/revisions\/895"}],"up":[{"embeddable":true,"href":"https:\/\/markstay-warren.ca\/fr\/wp-json\/wp\/v2\/pages\/42"}],"wp:attachment":[{"href":"https:\/\/markstay-warren.ca\/fr\/wp-json\/wp\/v2\/media?parent=173"}],"wp:term":[{"taxonomy":"category","embeddable":true,"href":"https:\/\/markstay-warren.ca\/fr\/wp-json\/wp\/v2\/categories?post=173"}],"curies":[{"name":"wp","href":"https:\/\/api.w.org\/{rel}","templated":true}]}}