{"id":169,"date":"2025-12-05T04:45:16","date_gmt":"2025-12-05T04:45:16","guid":{"rendered":"https:\/\/markstay-warren.ca\/?page_id=169"},"modified":"2026-05-05T20:56:37","modified_gmt":"2026-05-05T20:56:37","slug":"funding-agencies","status":"publish","type":"page","link":"https:\/\/markstay-warren.ca\/fr\/businesses-directory\/funding-agencies\/","title":{"rendered":"Organismes de financement"},"content":{"rendered":"\n<p><strong>Partenaires \u00e9conomiques<\/strong><\/p>\n\n\n\n<p>Sudbury East \/ West Nipissing Inc. est un organisme communautaire \u00e0 but non lucratif qui se consacre \u00e0 la cr\u00e9ation de possibilit\u00e9s en entrepreneuriat et \u00e0 la promotion de la croissance \u00e9conomique au sein de notre communaut\u00e9. Nous sommes votre bureau local de la Soci\u00e9t\u00e9 d\u2019aide au d\u00e9veloppement des collectivit\u00e9s (SADC) et un membre d\u2019Initiative de d\u00e9veloppement \u00e9conomique communautaire de l\u2019Ontario (<a href=\"https:\/\/www.cfontario.ca\/index.php\/fr\/\" data-type=\"link\" data-id=\"https:\/\/www.cfontario.ca\/index.php\/fr\/\">Community Futures Ontario \u2013 CFO<\/a>). Financ\u00e9es par <a href=\"https:\/\/ised-isde.canada.ca\/site\/ised\/\" data-type=\"link\" data-id=\"https:\/\/ised-isde.canada.ca\/site\/ised\/\">Industrie Canada<\/a> et <a href=\"https:\/\/fednor.canada.ca\/fr\" data-type=\"link\" data-id=\"https:\/\/fednor.canada.ca\/fr\">FedNor<\/a>, les SADC constituent une initiative de d\u00e9veloppement \u00e9conomique communautaire visant \u00e0 trouver des solutions locales pour les \u00e9conomies locales.<\/p>\n\n\n\n<p>CE QU\u2019ILS FONT\u202f:<\/p>\n\n\n\n<ul class=\"wp-block-list\">\n<li>Planification et d\u00e9veloppement \u00e9conomiques communautaires<\/li>\n\n\n\n<li>Acc\u00e8s au financement pour les petites entreprises<\/li>\n\n\n\n<li>Conseils aux entreprises, services et ressources<\/li>\n<\/ul>\n\n\n\n<p>Nous sommes des gens qui aident des gens. Dirig\u00e9s par un conseil d\u2019administration compos\u00e9 de b\u00e9n\u00e9voles locaux et de personnel professionnel, nous adoptons une approche communautaire afin d\u2019investir dans les entrepreneurs locaux et les initiatives communautaires.<\/p>\n\n\n\n<p>Heures d\u2019ouverture<\/p>\n\n\n\n<p>Lundi au vendredi, de 8 h 30 \u00e0 16 h 30<\/p>\n\n\n\n<p>Contact<\/p>\n\n\n\n<p>Neil Fox<br>Directeur g\u00e9n\u00e9ral<br>30 rue Front, unit\u00e9 A<br>Sturgeon Falls, ON \u00a0\u00a0P2B 3L4<br>T: 705-753-5450<br>F:\u00a0705-753-3456<br>E:\u00a0<a href=\"mailto:neil.fox@economicpartners.com\">neil.fox@economicpartners.com<\/a><br>Website:\u00a0<a href=\"http:\/\/www.economicpartners.com\/\" target=\"_blank\" rel=\"noreferrer noopener\">http:\/\/www.economicpartners.com\/<\/a><\/p>\n\n\n\n<p><strong>FEDNOR<\/strong><\/p>\n\n\n\n<p><strong>FedNor<\/strong><\/p>\n\n\n\n<p><a href=\"http:\/\/fednor.gc.ca\/eic\/site\/fednor-fednor.nsf\/eng\/home\" target=\"_blank\" rel=\"noreferrer noopener\">FedNor<\/a>\u00a0is the Government of Canada\u2019s economic development organization for Northern Ontario. Through its programs and services, and through its financial support of projects that lead to job creation and economic growth, FedNor works with businesses and community partners to build a stronger Northern Ontario.<\/p>\n\n\n\n<p><strong>Soci\u00e9t\u00e9 de gestion du Fonds du patrimoine du Nord de l\u2019Ontario<\/strong><\/p>\n\n\n\n<p>Soci\u00e9t\u00e9 de gestion du Fonds du patrimoine du Nord de l\u2019Ontario (SGFPNO)<\/p>\n\n\n\n<p>Vision<\/p>\n\n\n\n<p>SGFPNO sera un catalyseur d\u2019investissements strat\u00e9giques cl\u00e9s afin de stimuler le d\u00e9veloppement \u00e9conomique et la diversification dans le Nord de l\u2019Ontario.<\/p>\n\n\n\n<p>Mission<\/p>\n\n\n\n<p>Cr\u00e9er des partenariats avec les communaut\u00e9s, les entreprises, les entrepreneurs et les jeunes de tout le Nord de l\u2019Ontario afin de cr\u00e9er des emplois et de renforcer l\u2019\u00e9conomie.<\/p>\n\n\n\n<p>Qui nous servons<\/p>\n\n\n\n<p>Pour le SGFPNO, le Nord de l\u2019Ontario est d\u00e9fini comme l\u2019ensemble des r\u00e9gions situ\u00e9es au nord des districts de Parry Sound et de Nipissing, y compris ces derniers.<\/p>\n\n\n\n<p><a href=\"https:\/\/nohfc.ca\/fr\/about\/\" data-type=\"link\" data-id=\"https:\/\/nohfc.ca\/fr\/about\/\">Cliquez ici pour acc\u00e9der \u00e0 leurs programmes de financement.<\/a><\/p>\n\n\n\n<p><strong>Blue Sky Net<\/strong><\/p>\n\n\n\n<p>Blue Sky Net facilite le d\u00e9veloppement de projets en technologies de l\u2019information et des communications partout dans le Nord de l\u2019Ontario.<\/p>\n\n\n\n<p>Web:<a href=\"http:\/\/www.blueskynet.ca\/\" target=\"_blank\" rel=\"noreferrer noopener\">\u00a0http:\/\/www.blueskynet.ca<\/a><\/p>\n\n\n\n<p>Tel: (705) 476-0874<\/p>\n\n\n\n<p>email:\u00a0<a href=\"mailto:info@blueskynet.ca\" target=\"_blank\" rel=\"noreferrer noopener\">info@blueskynet.ca<\/a><\/p>\n\n\n\n<p><\/p>\n","protected":false},"excerpt":{"rendered":"<p>Partenaires \u00e9conomiques Sudbury East \/ West Nipissing Inc. est un organisme communautaire \u00e0 but non lucratif qui se consacre \u00e0 la cr\u00e9ation de possibilit\u00e9s en entrepreneuriat et \u00e0 la promotion&hellip;<\/p>\n","protected":false},"author":1,"featured_media":0,"parent":42,"menu_order":0,"comment_status":"closed","ping_status":"closed","template":"","meta":{"footnotes":""},"categories":[],"class_list":["post-169","page","type-page","status-publish","hentry"],"translation":{"provider":"WPGlobus","version":"3.0.2","language":"fr","enabled_languages":["en","fr"],"languages":{"en":{"title":true,"content":true,"excerpt":false},"fr":{"title":true,"content":true,"excerpt":false}}},"_links":{"self":[{"href":"https:\/\/markstay-warren.ca\/fr\/wp-json\/wp\/v2\/pages\/169","targetHints":{"allow":["GET"]}}],"collection":[{"href":"https:\/\/markstay-warren.ca\/fr\/wp-json\/wp\/v2\/pages"}],"about":[{"href":"https:\/\/markstay-warren.ca\/fr\/wp-json\/wp\/v2\/types\/page"}],"author":[{"embeddable":true,"href":"https:\/\/markstay-warren.ca\/fr\/wp-json\/wp\/v2\/users\/1"}],"replies":[{"embeddable":true,"href":"https:\/\/markstay-warren.ca\/fr\/wp-json\/wp\/v2\/comments?post=169"}],"version-history":[{"count":4,"href":"https:\/\/markstay-warren.ca\/fr\/wp-json\/wp\/v2\/pages\/169\/revisions"}],"predecessor-version":[{"id":890,"href":"https:\/\/markstay-warren.ca\/fr\/wp-json\/wp\/v2\/pages\/169\/revisions\/890"}],"up":[{"embeddable":true,"href":"https:\/\/markstay-warren.ca\/fr\/wp-json\/wp\/v2\/pages\/42"}],"wp:attachment":[{"href":"https:\/\/markstay-warren.ca\/fr\/wp-json\/wp\/v2\/media?parent=169"}],"wp:term":[{"taxonomy":"category","embeddable":true,"href":"https:\/\/markstay-warren.ca\/fr\/wp-json\/wp\/v2\/categories?post=169"}],"curies":[{"name":"wp","href":"https:\/\/api.w.org\/{rel}","templated":true}]}}