{"id":167,"date":"2025-12-05T04:44:27","date_gmt":"2025-12-05T04:44:27","guid":{"rendered":"https:\/\/markstay-warren.ca\/?page_id=167"},"modified":"2026-05-05T20:36:38","modified_gmt":"2026-05-05T20:36:38","slug":"economic-development","status":"publish","type":"page","link":"https:\/\/markstay-warren.ca\/fr\/businesses-directory\/economic-development\/","title":{"rendered":"D\u00e9veloppement \u00e9conomique"},"content":{"rendered":"\n<p>Bienvenue \u00e0 Markstay\u2011Warren<\/p>\n\n\n\n<p>Markstay\u2011Warren se distingue par sa beaut\u00e9, sa tranquillit\u00e9 et son atmosph\u00e8re champ\u00eatre, tout en \u00e9tant situ\u00e9 \u00e0 quelques minutes de deux grands centres du Nord\u2011Est de l\u2019Ontario. En tant que communaut\u00e9 en croissance et progressiste, Markstay\u2011Warren est un endroit id\u00e9al pour \u00e9lever de jeunes familles gr\u00e2ce \u00e0 ses excellentes \u00e9coles locales situ\u00e9es dans les villages de Markstay et de Warren.<\/p>\n\n\n\n<p>Offrant tous les avantages technologiques d\u2019un centre urbain, des taux d\u2019imposition raisonnables, la proximit\u00e9 de la route 17 et \u00e9tant situ\u00e9e \u00e0 quelques minutes du Grand Sudbury et de North Bay, notre communaut\u00e9 est id\u00e9alement positionn\u00e9e pour l\u2019implantation ou l\u2019expansion d\u2019entreprises ou d\u2019industries.<\/p>\n\n\n\n<p>Consultez le Plan strat\u00e9gique municipal \u00e9labor\u00e9 en 2014 pour obtenir des renseignements d\u00e9taill\u00e9s.<\/p>\n\n\n\n<p><strong>Vision and Mission<\/strong><\/p>\n\n\n\n<p>Vision<\/p>\n\n\n\n<p>\u00c0 l\u2019image d\u2019une famille \u00e9largie, Markstay\u2011Warren est une communaut\u00e9 accueillante, conviviale et solidaire. Ses r\u00e9sidents profitent d\u2019un mode de vie familial de qualit\u00e9 au c\u0153ur des plus beaux atouts de la nature, avec une croissance constante dans un milieu rural facilement accessible \u00e0 deux villes\u2011p\u00f4les du Nord de l\u2019Ontario. Reli\u00e9s par les affaires et le commerce, avec un accent sur l\u2019entrepreneuriat, les petites entreprises, l\u2019agriculture, le tourisme et les possibilit\u00e9s r\u00e9cr\u00e9atives, les r\u00e9sidents et les propri\u00e9taires d\u2019entreprises trouvent un \u00e9quilibre entre ces atouts et une vie paisible, \u00e0 seulement quelques minutes de Sudbury.<\/p>\n\n\n\n<p>Mission Statement<\/p>\n\n\n\n<p>La mission de d\u00e9veloppement \u00e9conomique de Markstay\u2011Warren est de favoriser la croissance \u00e9conomique de la communaut\u00e9 tout en pr\u00e9servant le mode de vie et l\u2019environnement naturel.<\/p>\n\n\n\n<p>Les principes directeurs comprennent\u202f:<\/p>\n\n\n\n<ul class=\"wp-block-list\">\n<li>Respecter l\u2019esprit de solidarit\u00e9 communautaire et le charme convivial d\u2019une petite ville\u202f;<\/li>\n\n\n\n<li>Veiller \u00e0 ce que la croissance se fasse de mani\u00e8re ordonn\u00e9e, en harmonie avec l\u2019environnement et le mode de vie de la communaut\u00e9\u202f;<\/li>\n\n\n\n<li>Valoriser la qualit\u00e9 de la vie rurale et familiale tout en assurant une croissance mod\u00e9r\u00e9e\u202f;<\/li>\n\n\n\n<li>Soutenir la croissance de l\u2019entrepreneuriat, de l\u2019agriculture, du tourisme et des petites entreprises\u202f;<\/li>\n\n\n\n<li>Accueillir de nouvelles entreprises qui s\u2019harmonisent avec la vision et la mission globales\u202f;<\/li>\n\n\n\n<li>S\u2019efforcer d\u2019offrir les meilleurs services publics possibles.<\/li>\n<\/ul>\n\n\n\n<p><strong>Quatre piliers du d\u00e9veloppement \u00e9conomique<\/strong><\/p>\n\n\n\n<ul class=\"wp-block-list\">\n<li>D\u00e9veloppement touristique<\/li>\n\n\n\n<li>D\u00e9veloppement du secteur agricole et agroalimentaire<\/li>\n\n\n\n<li>D\u00e9veloppement commercial et industriel<\/li>\n\n\n\n<li>Augmentation de la capacit\u00e9 r\u00e9sidentielle<\/li>\n<\/ul>\n","protected":false},"excerpt":{"rendered":"<p>Bienvenue \u00e0 Markstay\u2011Warren Markstay\u2011Warren se distingue par sa beaut\u00e9, sa tranquillit\u00e9 et son atmosph\u00e8re champ\u00eatre, tout en \u00e9tant situ\u00e9 \u00e0 quelques minutes de deux grands centres du Nord\u2011Est de l\u2019Ontario.&hellip;<\/p>\n","protected":false},"author":1,"featured_media":0,"parent":42,"menu_order":0,"comment_status":"closed","ping_status":"closed","template":"","meta":{"footnotes":""},"categories":[],"class_list":["post-167","page","type-page","status-publish","hentry"],"translation":{"provider":"WPGlobus","version":"3.0.2","language":"fr","enabled_languages":["en","fr"],"languages":{"en":{"title":true,"content":true,"excerpt":false},"fr":{"title":true,"content":true,"excerpt":false}}},"_links":{"self":[{"href":"https:\/\/markstay-warren.ca\/fr\/wp-json\/wp\/v2\/pages\/167","targetHints":{"allow":["GET"]}}],"collection":[{"href":"https:\/\/markstay-warren.ca\/fr\/wp-json\/wp\/v2\/pages"}],"about":[{"href":"https:\/\/markstay-warren.ca\/fr\/wp-json\/wp\/v2\/types\/page"}],"author":[{"embeddable":true,"href":"https:\/\/markstay-warren.ca\/fr\/wp-json\/wp\/v2\/users\/1"}],"replies":[{"embeddable":true,"href":"https:\/\/markstay-warren.ca\/fr\/wp-json\/wp\/v2\/comments?post=167"}],"version-history":[{"count":4,"href":"https:\/\/markstay-warren.ca\/fr\/wp-json\/wp\/v2\/pages\/167\/revisions"}],"predecessor-version":[{"id":886,"href":"https:\/\/markstay-warren.ca\/fr\/wp-json\/wp\/v2\/pages\/167\/revisions\/886"}],"up":[{"embeddable":true,"href":"https:\/\/markstay-warren.ca\/fr\/wp-json\/wp\/v2\/pages\/42"}],"wp:attachment":[{"href":"https:\/\/markstay-warren.ca\/fr\/wp-json\/wp\/v2\/media?parent=167"}],"wp:term":[{"taxonomy":"category","embeddable":true,"href":"https:\/\/markstay-warren.ca\/fr\/wp-json\/wp\/v2\/categories?post=167"}],"curies":[{"name":"wp","href":"https:\/\/api.w.org\/{rel}","templated":true}]}}