{"id":143,"date":"2025-12-05T04:08:10","date_gmt":"2025-12-05T04:08:10","guid":{"rendered":"https:\/\/markstay-warren.ca\/?page_id=143"},"modified":"2026-04-21T21:25:27","modified_gmt":"2026-04-21T21:25:27","slug":"career-opportunities","status":"publish","type":"page","link":"https:\/\/markstay-warren.ca\/fr\/municipal-services\/career-opportunities\/","title":{"rendered":"Career Opportunities"},"content":{"rendered":"\n<p><strong>Career Opportunities<\/strong><br>The Municipality is committed to attracting and retaining dedicated professionals who contribute to the delivery of quality services to our residents. We offer a collaborative work environment, opportunities for growth, and the chance to make a positive impact within the community.<\/p>\n\n\n\n<hr class=\"wp-block-separator has-alpha-channel-opacity\"\/>\n\n\n\n<div class=\"wp-block-query is-layout-flow wp-block-query-is-layout-flow\"><ul class=\"wp-block-post-template is-layout-flow wp-block-post-template-is-layout-flow\"><li class=\"wp-block-post post-807 post type-post status-publish format-standard hentry category-employment tag-employment tag-job-posting tag-opportunities tag-student-job tag-summer-job\">\n\n<div class=\"wp-block-columns alignwide is-layout-flex wp-container-core-columns-is-layout-9d6595d7 wp-block-columns-is-layout-flex\">\n<div class=\"wp-block-column is-layout-flow wp-block-column-is-layout-flow\" style=\"font-size:16px;flex-basis:100%\"><h2 class=\"wp-block-post-title\"><a href=\"https:\/\/markstay-warren.ca\/fr\/summer-student-job-posting-office-assistant\/\" target=\"_self\" >Offre d&#8217;emploi pour \u00e9tudiant d&#8217;\u00e9t\u00e9 | Assistant(e) de bureau<\/a><\/h2>\n\n<div class=\"wp-block-post-excerpt\"><p class=\"wp-block-post-excerpt__excerpt\">La municipalit\u00e9 de Markstay-Warren accepte actuellement les curriculum vitae pour un posted&#8217;assistant(e) de bureau d&#8217;\u00e9t\u00e9 de douze semaines (8) avec une date de d\u00e9but provisoire du 6 juillet au 29ao\u00fbt&hellip; <\/p><\/div><\/div>\n<\/div>\n\n<\/li><li class=\"wp-block-post post-800 post type-post status-publish format-standard hentry category-employment tag-employment tag-job-posting tag-opportunities tag-student-job tag-summer-job\">\n\n<div class=\"wp-block-columns alignwide is-layout-flex wp-container-core-columns-is-layout-9d6595d7 wp-block-columns-is-layout-flex\">\n<div class=\"wp-block-column is-layout-flow wp-block-column-is-layout-flow\" style=\"font-size:16px;flex-basis:100%\"><h2 class=\"wp-block-post-title\"><a href=\"https:\/\/markstay-warren.ca\/fr\/summer-student-job-posting-ground-maintenance-position\/\" target=\"_self\" >Offre d&#8217;emploi pour \u00e9tudiant d&#8217;\u00e9t\u00e9 | Poste de maintenance au sol<\/a><\/h2>\n\n<div class=\"wp-block-post-excerpt\"><p class=\"wp-block-post-excerpt__excerpt\">La municipalit\u00e9 de Markstay-Warren accepte actuellement les curriculum vitae pour un posted&#8217;assistant(e) de bureau d&#8217;\u00e9t\u00e9 de douze semaines (8) avec une date de d\u00e9but provisoire du 6 juillet au 29ao\u00fbt&hellip; <\/p><\/div><\/div>\n<\/div>\n\n<\/li><li class=\"wp-block-post post-297 post type-post status-publish format-standard hentry category-employment tag-employment tag-full-time tag-job-posting tag-opportunities\">\n\n<div class=\"wp-block-columns alignwide is-layout-flex wp-container-core-columns-is-layout-9d6595d7 wp-block-columns-is-layout-flex\">\n<div class=\"wp-block-column is-layout-flow wp-block-column-is-layout-flow\" style=\"font-size:16px;flex-basis:100%\"><h2 class=\"wp-block-post-title\"><a href=\"https:\/\/markstay-warren.ca\/fr\/deputy-clerk-report-to-cao-clerk\/\" target=\"_self\" >(CLOSED) Deputy Clerk report to CAO\/Clerk<\/a><\/h2>\n\n<div class=\"wp-block-post-excerpt\"><p class=\"wp-block-post-excerpt__excerpt\">Job PostingDeputy Clerk reports to CAO\/ClerkFull- Time (35 hours per week) This position provides senior administrative, governance, and legislative support to the CAO\/Clerk and supports Council and Committee operations, records&hellip; <\/p><\/div><\/div>\n<\/div>\n\n<\/li><li class=\"wp-block-post post-262 post type-post status-publish format-standard hentry category-employment tag-employment tag-full-time tag-labourer tag-opportunities\">\n\n<div class=\"wp-block-columns alignwide is-layout-flex wp-container-core-columns-is-layout-9d6595d7 wp-block-columns-is-layout-flex\">\n<div class=\"wp-block-column is-layout-flow wp-block-column-is-layout-flow\" style=\"font-size:16px;flex-basis:100%\"><h2 class=\"wp-block-post-title\"><a href=\"https:\/\/markstay-warren.ca\/fr\/general-labourer-full-time-position\/\" target=\"_self\" >(CLOSED) General Labourer Full-Time Position<\/a><\/h2>\n\n<div class=\"wp-block-post-excerpt\"><p class=\"wp-block-post-excerpt__excerpt\">The Municipality of Markstay-Warren presently has a need to fill a vacancy for the position of General Labourer within the Public Works Department.&nbsp;&nbsp;&nbsp;&nbsp;&nbsp;&nbsp;&nbsp;&nbsp;&nbsp;&nbsp;&nbsp;&nbsp;&nbsp;&nbsp;&nbsp;&nbsp;&nbsp;&nbsp;&nbsp;&nbsp;&nbsp;&nbsp;&nbsp;&nbsp;&nbsp;&nbsp;&nbsp;&nbsp;&nbsp;&nbsp;&nbsp;&nbsp;&nbsp;&nbsp;&nbsp;&nbsp;&nbsp;&nbsp;&nbsp;&nbsp;&nbsp;&nbsp;&nbsp;&nbsp;&nbsp;&nbsp;&nbsp;&nbsp;&nbsp;&nbsp;&nbsp;&nbsp;&nbsp;&nbsp;&nbsp;&nbsp;&nbsp;&nbsp;&nbsp; Reporting to the Manager of Public Works&hellip; <\/p><\/div><\/div>\n<\/div>\n\n<\/li><li class=\"wp-block-post post-145 post type-post status-publish format-standard hentry category-employment\">\n\n<div class=\"wp-block-columns alignwide is-layout-flex wp-container-core-columns-is-layout-9d6595d7 wp-block-columns-is-layout-flex\">\n<div class=\"wp-block-column is-layout-flow wp-block-column-is-layout-flow\" style=\"font-size:16px;flex-basis:100%\"><h2 class=\"wp-block-post-title\"><a href=\"https:\/\/markstay-warren.ca\/fr\/recreation-department-facility-operator-casual-part-time\/\" target=\"_self\" >(CLOSED) Recreation Department \u2013 Facility Operator \u2013 Casual Part-Time<\/a><\/h2>\n\n<div class=\"wp-block-post-excerpt\"><p class=\"wp-block-post-excerpt__excerpt\">Job Description POSITION TITLE:&nbsp;Facility Operator \u2013 Casual Part-Time DEPARTMENT:&nbsp;Recreation Department REPORTING RELATIONSHIP:&nbsp;Reports to the Recreation Facility Coordinator PURPOSE OF POSITION: Reporting to the Recreation Facility Coordinator, the incumbent is responsible&hellip; <\/p><\/div><\/div>\n<\/div>\n\n<\/li><\/ul><\/div>\n","protected":false},"excerpt":{"rendered":"<p>Career OpportunitiesThe Municipality is committed to attracting and retaining dedicated professionals who contribute to the delivery of quality services to our residents. We offer a collaborative work environment, opportunities for&hellip;<\/p>\n","protected":false},"author":1,"featured_media":0,"parent":40,"menu_order":0,"comment_status":"closed","ping_status":"closed","template":"","meta":{"footnotes":""},"categories":[110],"class_list":["post-143","page","type-page","status-publish","hentry","category-employment"],"translation":{"provider":"WPGlobus","version":"3.0.2","language":"fr","enabled_languages":["en","fr"],"languages":{"en":{"title":true,"content":true,"excerpt":false},"fr":{"title":false,"content":false,"excerpt":false}}},"_links":{"self":[{"href":"https:\/\/markstay-warren.ca\/fr\/wp-json\/wp\/v2\/pages\/143","targetHints":{"allow":["GET"]}}],"collection":[{"href":"https:\/\/markstay-warren.ca\/fr\/wp-json\/wp\/v2\/pages"}],"about":[{"href":"https:\/\/markstay-warren.ca\/fr\/wp-json\/wp\/v2\/types\/page"}],"author":[{"embeddable":true,"href":"https:\/\/markstay-warren.ca\/fr\/wp-json\/wp\/v2\/users\/1"}],"replies":[{"embeddable":true,"href":"https:\/\/markstay-warren.ca\/fr\/wp-json\/wp\/v2\/comments?post=143"}],"version-history":[{"count":8,"href":"https:\/\/markstay-warren.ca\/fr\/wp-json\/wp\/v2\/pages\/143\/revisions"}],"predecessor-version":[{"id":799,"href":"https:\/\/markstay-warren.ca\/fr\/wp-json\/wp\/v2\/pages\/143\/revisions\/799"}],"up":[{"embeddable":true,"href":"https:\/\/markstay-warren.ca\/fr\/wp-json\/wp\/v2\/pages\/40"}],"wp:attachment":[{"href":"https:\/\/markstay-warren.ca\/fr\/wp-json\/wp\/v2\/media?parent=143"}],"wp:term":[{"taxonomy":"category","embeddable":true,"href":"https:\/\/markstay-warren.ca\/fr\/wp-json\/wp\/v2\/categories?post=143"}],"curies":[{"name":"wp","href":"https:\/\/api.w.org\/{rel}","templated":true}]}}